{"id":29560,"date":"2025-06-02T16:11:02","date_gmt":"2025-06-02T14:11:02","guid":{"rendered":"https:\/\/dev.amarehotels.com\/brand-mates\/lola-casademunt\/"},"modified":"2025-10-29T13:03:40","modified_gmt":"2025-10-29T12:03:40","slug":"lola-casademunt","status":"publish","type":"page","link":"https:\/\/dev.amarehotels.com\/de\/brand-mates\/lola-casademunt\/","title":{"rendered":"Lola Casademunt"},"content":{"rendered":"\t\t<div data-elementor-type=\"wp-page\" data-elementor-id=\"29560\" class=\"elementor elementor-29560 elementor-5090\" data-elementor-post-type=\"page\">\n\t\t\t\t<div class=\"elementor-element elementor-element-f87c886 e-flex e-con-boxed e-con e-parent\" data-id=\"f87c886\" data-element_type=\"container\">\n\t\t\t\t\t<div class=\"e-con-inner\">\n\t\t<div class=\"elementor-element elementor-element-fed8963 e-con-full e-flex elementor-invisible e-con e-child\" data-id=\"fed8963\" data-element_type=\"container\" data-settings=\"{&quot;animation&quot;:&quot;fadeIn&quot;}\">\n\t\t<div class=\"elementor-element elementor-element-eb00905 e-con-full e-flex e-con e-child\" data-id=\"eb00905\" data-element_type=\"container\" data-settings=\"{&quot;background_background&quot;:&quot;classic&quot;}\">\n\t\t\t\t<div class=\"elementor-element elementor-element-d927bff elementor-invisible elementor-widget elementor-widget-image\" data-id=\"d927bff\" data-element_type=\"widget\" data-settings=\"{&quot;_animation&quot;:&quot;fadeIn&quot;,&quot;_animation_delay&quot;:700}\" data-widget_type=\"image.default\">\n\t\t\t\t<div class=\"elementor-widget-container\">\n\t\t\t\t\t\t\t\t\t\t\t\t\t\t\t<img fetchpriority=\"high\" decoding=\"async\" width=\"938\" height=\"241\" src=\"https:\/\/dev.amarehotels.com\/wp-content\/uploads\/2025\/06\/lola-casademunt.svg\" class=\"attachment-full size-full wp-image-21242\" alt=\"Lola Casademunt\" \/>\t\t\t\t\t\t\t\t\t\t\t\t\t\t\t<\/div>\n\t\t\t\t<\/div>\n\t\t\t\t<\/div>\n\t\t\t\t<\/div>\n\t\t<div class=\"elementor-element elementor-element-bc7e5d6 e-con-full e-flex e-con e-child\" data-id=\"bc7e5d6\" data-element_type=\"container\">\n\t\t<div class=\"elementor-element elementor-element-1133621 e-con-full e-flex e-con e-child\" data-id=\"1133621\" data-element_type=\"container\">\n\t\t\t\t<div class=\"elementor-element elementor-element-c497b50 elementor-widget__width-initial elementor-widget elementor-widget-heading\" data-id=\"c497b50\" data-element_type=\"widget\" data-widget_type=\"heading.default\">\n\t\t\t\t<div class=\"elementor-widget-container\">\n\t\t\t\t\t<h1 class=\"elementor-heading-title elementor-size-default\">Kosmopolitische und elegante Damenmode<\/h1>\t\t\t\t<\/div>\n\t\t\t\t<\/div>\n\t\t\t\t<\/div>\n\t\t<div class=\"elementor-element elementor-element-58e4bb5 e-con-full e-flex e-con e-child\" data-id=\"58e4bb5\" data-element_type=\"container\">\n\t\t<div class=\"elementor-element elementor-element-6da6e8c e-con-full e-flex e-con e-child\" data-id=\"6da6e8c\" data-element_type=\"container\">\n\t\t\t\t<div class=\"elementor-element elementor-element-c4ecd6d elementor-widget__width-initial elementor-widget elementor-widget-text-editor\" data-id=\"c4ecd6d\" data-element_type=\"widget\" data-widget_type=\"text-editor.default\">\n\t\t\t\t<div class=\"elementor-widget-container\">\n\t\t\t\t\t\t\t\t\t<p>Die Damenbekleidungsmarke <b>Lola Casademunt <\/b>hat 2021 mit <b>Am\u00e0re Hotels<\/b> zusammengearbeitet, indem sie einen Teil ihrer Kollektion f\u00fcr die Fotosession zur Verf\u00fcgung gestellt hat, die die empfohlene Hotelkette f\u00fcr Erwachsene mit der Influencerin und Model <b><a href=\"https:\/\/www.amarehotels.com\/de\/brand-mates-de\/ana-moya\/\">Ana Moya<\/a><\/b> f\u00fcr die Fr\u00fchjahrskampagne 2022 in Spanien durchgef\u00fchrt hat.<\/p>\t\t\t\t\t\t\t\t<\/div>\n\t\t\t\t<\/div>\n\t\t\t\t<\/div>\n\t\t<div class=\"elementor-element elementor-element-d9d641e e-con-full e-flex e-con e-child\" data-id=\"d9d641e\" data-element_type=\"container\">\n\t\t\t\t<div class=\"elementor-element elementor-element-ae80edf elementor-widget__width-initial elementor-widget elementor-widget-text-editor\" data-id=\"ae80edf\" data-element_type=\"widget\" data-widget_type=\"text-editor.default\">\n\t\t\t\t<div class=\"elementor-widget-container\">\n\t\t\t\t\t\t\t\t\t<p>Lola Casademunt ist eine mutige und weltoffene Marke f\u00fcr entschlossene Frauen, die sich der neuesten Trends bewusst sind. Sein Stil ist vielseitig und kombiniert Raffinesse mit Komfort.<\/p><p>\u00a0<\/p><p>Die Kreativit\u00e4t von Lola Casademunt trifft auf das elegante und mediterrane Ambiente der Am\u00e0re Hotels, was zu einer stilvollen Zusammenarbeit f\u00fchrt.<\/p>\t\t\t\t\t\t\t\t<\/div>\n\t\t\t\t<\/div>\n\t\t\t\t<\/div>\n\t\t\t\t<\/div>\n\t\t\t\t<\/div>\n\t\t\t\t\t<\/div>\n\t\t\t\t<\/div>\n\t\t\t\t<\/div>\n\t\t","protected":false},"excerpt":{"rendered":"<p>Kosmopolitische und elegante Damenmode Die Damenbekleidungsmarke Lola Casademunt hat 2021 mit Am\u00e0re Hotels zusammengearbeitet, indem sie einen Teil ihrer Kollektion f\u00fcr die Fotosession zur Verf\u00fcgung gestellt hat, die die empfohlene Hotelkette f\u00fcr Erwachsene mit der Influencerin und Model Ana Moya f\u00fcr die Fr\u00fchjahrskampagne 2022 in Spanien durchgef\u00fchrt hat. Lola Casademunt ist eine mutige und weltoffene [&hellip;]<\/p>\n","protected":false},"author":4,"featured_media":0,"parent":29524,"menu_order":0,"comment_status":"closed","ping_status":"closed","template":"","meta":{"site-sidebar-layout":"no-sidebar","site-content-layout":"page-builder","ast-site-content-layout":"full-width-container","site-content-style":"default","site-sidebar-style":"default","ast-global-header-display":"","ast-banner-title-visibility":"","ast-main-header-display":"","ast-hfb-above-header-display":"","ast-hfb-below-header-display":"","ast-hfb-mobile-header-display":"","site-post-title":"disabled","ast-breadcrumbs-content":"","ast-featured-img":"disabled","footer-sml-layout":"","ast-disable-related-posts":"","theme-transparent-header-meta":"","adv-header-id-meta":"","stick-header-meta":"","header-above-stick-meta":"","header-main-stick-meta":"","header-below-stick-meta":"","astra-migrate-meta-layouts":"set","ast-page-background-enabled":"default","ast-page-background-meta":{"desktop":{"background-color":"var(--ast-global-color-4)","background-image":"","background-repeat":"repeat","background-position":"center center","background-size":"auto","background-attachment":"scroll","background-type":"","background-media":"","overlay-type":"","overlay-color":"","overlay-opacity":"","overlay-gradient":""},"tablet":{"background-color":"","background-image":"","background-repeat":"repeat","background-position":"center center","background-size":"auto","background-attachment":"scroll","background-type":"","background-media":"","overlay-type":"","overlay-color":"","overlay-opacity":"","overlay-gradient":""},"mobile":{"background-color":"","background-image":"","background-repeat":"repeat","background-position":"center center","background-size":"auto","background-attachment":"scroll","background-type":"","background-media":"","overlay-type":"","overlay-color":"","overlay-opacity":"","overlay-gradient":""}},"ast-content-background-meta":{"desktop":{"background-color":"var(--ast-global-color-5)","background-image":"","background-repeat":"repeat","background-position":"center center","background-size":"auto","background-attachment":"scroll","background-type":"","background-media":"","overlay-type":"","overlay-color":"","overlay-opacity":"","overlay-gradient":""},"tablet":{"background-color":"var(--ast-global-color-5)","background-image":"","background-repeat":"repeat","background-position":"center center","background-size":"auto","background-attachment":"scroll","background-type":"","background-media":"","overlay-type":"","overlay-color":"","overlay-opacity":"","overlay-gradient":""},"mobile":{"background-color":"var(--ast-global-color-5)","background-image":"","background-repeat":"repeat","background-position":"center center","background-size":"auto","background-attachment":"scroll","background-type":"","background-media":"","overlay-type":"","overlay-color":"","overlay-opacity":"","overlay-gradient":""}},"footnotes":""},"class_list":["post-29560","page","type-page","status-publish","hentry"],"_links":{"self":[{"href":"https:\/\/dev.amarehotels.com\/de\/wp-json\/wp\/v2\/pages\/29560","targetHints":{"allow":["GET"]}}],"collection":[{"href":"https:\/\/dev.amarehotels.com\/de\/wp-json\/wp\/v2\/pages"}],"about":[{"href":"https:\/\/dev.amarehotels.com\/de\/wp-json\/wp\/v2\/types\/page"}],"author":[{"embeddable":true,"href":"https:\/\/dev.amarehotels.com\/de\/wp-json\/wp\/v2\/users\/4"}],"replies":[{"embeddable":true,"href":"https:\/\/dev.amarehotels.com\/de\/wp-json\/wp\/v2\/comments?post=29560"}],"version-history":[{"count":0,"href":"https:\/\/dev.amarehotels.com\/de\/wp-json\/wp\/v2\/pages\/29560\/revisions"}],"up":[{"embeddable":true,"href":"https:\/\/dev.amarehotels.com\/de\/wp-json\/wp\/v2\/pages\/29524"}],"wp:attachment":[{"href":"https:\/\/dev.amarehotels.com\/de\/wp-json\/wp\/v2\/media?parent=29560"}],"curies":[{"name":"wp","href":"https:\/\/api.w.org\/{rel}","templated":true}]}}