{"id":26916,"date":"2025-10-01T15:24:53","date_gmt":"2025-10-01T13:24:53","guid":{"rendered":"https:\/\/dev.amarehotels.com\/press-room\/"},"modified":"2025-10-23T12:48:10","modified_gmt":"2025-10-23T10:48:10","slug":"press-room","status":"publish","type":"page","link":"https:\/\/dev.amarehotels.com\/es\/press-room\/","title":{"rendered":"Press room"},"content":{"rendered":"\t\t<div data-elementor-type=\"wp-page\" data-elementor-id=\"26916\" class=\"elementor elementor-26916 elementor-18200\" data-elementor-post-type=\"page\">\n\t\t\t\t<div class=\"elementor-element elementor-element-6f9beb9 e-flex e-con-boxed e-con e-parent\" data-id=\"6f9beb9\" data-element_type=\"container\">\n\t\t\t\t\t<div class=\"e-con-inner\">\n\t\t<div class=\"elementor-element elementor-element-df8ef4d e-con-full e-flex e-con e-child\" data-id=\"df8ef4d\" data-element_type=\"container\">\n\t\t<div class=\"elementor-element elementor-element-a885659 e-con-full e-flex e-con e-child\" data-id=\"a885659\" data-element_type=\"container\">\n\t\t\t\t<div class=\"elementor-element elementor-element-cf8df47 elementor-widget elementor-widget-heading\" data-id=\"cf8df47\" data-element_type=\"widget\" data-widget_type=\"heading.default\">\n\t\t\t\t<div class=\"elementor-widget-container\">\n\t\t\t\t\t<h1 class=\"elementor-heading-title elementor-size-default\">Sala de prensa<\/h1>\t\t\t\t<\/div>\n\t\t\t\t<\/div>\n\t\t\t\t<\/div>\n\t\t<div class=\"elementor-element elementor-element-a07f5ef e-con-full e-flex e-con e-child\" data-id=\"a07f5ef\" data-element_type=\"container\">\n\t\t\t\t<div class=\"elementor-element elementor-element-7068647 elementor-widget__width-initial elementor-widget elementor-widget-text-editor\" data-id=\"7068647\" data-element_type=\"widget\" data-widget_type=\"text-editor.default\">\n\t\t\t\t<div class=\"elementor-widget-container\">\n\t\t\t\t\t\t\t\t\t<p>En nuestra Sala de Prensa podr\u00e1s encontrar notas de prensa y recortes de prensa de medios de comunicaci\u00f3n destacados, enlaces directos a estos art\u00edculos y el dossier de prensa de Am\u00e0re Hotels con toda la informaci\u00f3n necesaria para conocer la marca.<\/p>\t\t\t\t\t\t\t\t<\/div>\n\t\t\t\t<\/div>\n\t\t\t\t<\/div>\n\t\t\t\t<\/div>\n\t\t<div class=\"elementor-element elementor-element-311c922 e-con-full e-flex e-con e-child\" data-id=\"311c922\" data-element_type=\"container\">\n\t\t<div class=\"elementor-element elementor-element-d20e060 e-grid e-con-full e-con e-child\" data-id=\"d20e060\" data-element_type=\"container\">\n\t\t\t\t<div class=\"elementor-element elementor-element-0171809 elementor-widget elementor-widget-image\" data-id=\"0171809\" data-element_type=\"widget\" data-widget_type=\"image.default\">\n\t\t\t\t<div class=\"elementor-widget-container\">\n\t\t\t\t\t\t\t\t\t\t\t\t\t\t\t\t<a href=\"https:\/\/dev.amarehotels.com\/wp-content\/uploads\/2025\/10\/amare-ibiza-tu-style.pdf\" target=\"_blank\">\n\t\t\t\t\t\t\t<img fetchpriority=\"high\" decoding=\"async\" width=\"450\" height=\"250\" src=\"https:\/\/dev.amarehotels.com\/wp-content\/uploads\/2025\/10\/logo-tustyle.jpg\" class=\"elementor-animation-grow attachment-full size-full wp-image-26775\" alt=\"Tu Style\" srcset=\"https:\/\/dev.amarehotels.com\/wp-content\/uploads\/2025\/10\/logo-tustyle.jpg 450w, https:\/\/dev.amarehotels.com\/wp-content\/uploads\/2025\/10\/logo-tustyle-300x167.jpg 300w\" sizes=\"(max-width: 450px) 100vw, 450px\" \/>\t\t\t\t\t\t\t\t<\/a>\n\t\t\t\t\t\t\t\t\t\t\t\t\t\t\t<\/div>\n\t\t\t\t<\/div>\n\t\t\t\t<div class=\"elementor-element elementor-element-670233f elementor-widget elementor-widget-image\" data-id=\"670233f\" data-element_type=\"widget\" data-widget_type=\"image.default\">\n\t\t\t\t<div class=\"elementor-widget-container\">\n\t\t\t\t\t\t\t\t\t\t\t\t\t\t\t\t<a href=\"https:\/\/dev.amarehotels.com\/wp-content\/uploads\/2025\/10\/elle-press-room-title.pdf\" target=\"_blank\">\n\t\t\t\t\t\t\t<img decoding=\"async\" width=\"450\" height=\"253\" src=\"https:\/\/dev.amarehotels.com\/wp-content\/uploads\/2025\/10\/elle-logo.jpg\" class=\"elementor-animation-grow attachment-full size-full wp-image-26776\" alt=\"Elle\" srcset=\"https:\/\/dev.amarehotels.com\/wp-content\/uploads\/2025\/10\/elle-logo.jpg 450w, https:\/\/dev.amarehotels.com\/wp-content\/uploads\/2025\/10\/elle-logo-300x169.jpg 300w\" sizes=\"(max-width: 450px) 100vw, 450px\" \/>\t\t\t\t\t\t\t\t<\/a>\n\t\t\t\t\t\t\t\t\t\t\t\t\t\t\t<\/div>\n\t\t\t\t<\/div>\n\t\t\t\t<div class=\"elementor-element elementor-element-e556ae5 elementor-widget elementor-widget-image\" data-id=\"e556ae5\" data-element_type=\"widget\" data-widget_type=\"image.default\">\n\t\t\t\t<div class=\"elementor-widget-container\">\n\t\t\t\t\t\t\t\t\t\t\t\t\t\t\t\t<a href=\"https:\/\/dev.amarehotels.com\/wp-content\/uploads\/2025\/10\/llm-press-room-title.pdf\" target=\"_blank\">\n\t\t\t\t\t\t\t<img decoding=\"async\" width=\"450\" height=\"250\" src=\"https:\/\/dev.amarehotels.com\/wp-content\/uploads\/2025\/10\/luxury-lifestyle-magazine-logo.jpg\" class=\"elementor-animation-grow attachment-full size-full wp-image-26777\" alt=\"Luxury Lifestyle Magazine\" srcset=\"https:\/\/dev.amarehotels.com\/wp-content\/uploads\/2025\/10\/luxury-lifestyle-magazine-logo.jpg 450w, https:\/\/dev.amarehotels.com\/wp-content\/uploads\/2025\/10\/luxury-lifestyle-magazine-logo-300x167.jpg 300w\" sizes=\"(max-width: 450px) 100vw, 450px\" \/>\t\t\t\t\t\t\t\t<\/a>\n\t\t\t\t\t\t\t\t\t\t\t\t\t\t\t<\/div>\n\t\t\t\t<\/div>\n\t\t\t\t<div class=\"elementor-element elementor-element-181c65c elementor-widget elementor-widget-image\" data-id=\"181c65c\" data-element_type=\"widget\" data-widget_type=\"image.default\">\n\t\t\t\t<div class=\"elementor-widget-container\">\n\t\t\t\t\t\t\t\t\t\t\t\t\t\t\t\t<a href=\"https:\/\/dev.amarehotels.com\/wp-content\/uploads\/2025\/10\/names-press-room.pdf\" target=\"_blank\">\n\t\t\t\t\t\t\t<img loading=\"lazy\" decoding=\"async\" width=\"450\" height=\"250\" src=\"https:\/\/dev.amarehotels.com\/wp-content\/uploads\/2025\/10\/names-logo.jpg\" class=\"elementor-animation-grow attachment-full size-full wp-image-26778\" alt=\"Names\" srcset=\"https:\/\/dev.amarehotels.com\/wp-content\/uploads\/2025\/10\/names-logo.jpg 450w, https:\/\/dev.amarehotels.com\/wp-content\/uploads\/2025\/10\/names-logo-300x167.jpg 300w\" sizes=\"(max-width: 450px) 100vw, 450px\" \/>\t\t\t\t\t\t\t\t<\/a>\n\t\t\t\t\t\t\t\t\t\t\t\t\t\t\t<\/div>\n\t\t\t\t<\/div>\n\t\t\t\t<div class=\"elementor-element elementor-element-9f1fc43 elementor-widget elementor-widget-image\" data-id=\"9f1fc43\" data-element_type=\"widget\" data-widget_type=\"image.default\">\n\t\t\t\t<div class=\"elementor-widget-container\">\n\t\t\t\t\t\t\t\t\t\t\t\t\t\t\t\t<a href=\"https:\/\/dev.amarehotels.com\/wp-content\/uploads\/2025\/10\/el-mundo-press-room.pdf\" target=\"_blank\">\n\t\t\t\t\t\t\t<img loading=\"lazy\" decoding=\"async\" width=\"450\" height=\"250\" src=\"https:\/\/dev.amarehotels.com\/wp-content\/uploads\/2025\/10\/el-mundo-logo.jpg\" class=\"elementor-animation-grow attachment-full size-full wp-image-26779\" alt=\"El Mundo logo\" srcset=\"https:\/\/dev.amarehotels.com\/wp-content\/uploads\/2025\/10\/el-mundo-logo.jpg 450w, https:\/\/dev.amarehotels.com\/wp-content\/uploads\/2025\/10\/el-mundo-logo-300x167.jpg 300w\" sizes=\"(max-width: 450px) 100vw, 450px\" \/>\t\t\t\t\t\t\t\t<\/a>\n\t\t\t\t\t\t\t\t\t\t\t\t\t\t\t<\/div>\n\t\t\t\t<\/div>\n\t\t\t\t<div class=\"elementor-element elementor-element-866823a elementor-widget elementor-widget-image\" data-id=\"866823a\" data-element_type=\"widget\" data-widget_type=\"image.default\">\n\t\t\t\t<div class=\"elementor-widget-container\">\n\t\t\t\t\t\t\t\t\t\t\t\t\t\t\t\t<a href=\"https:\/\/dev.amarehotels.com\/wp-content\/uploads\/2025\/10\/esquire-press-room.pdf\" target=\"_blank\">\n\t\t\t\t\t\t\t<img loading=\"lazy\" decoding=\"async\" width=\"450\" height=\"250\" src=\"https:\/\/dev.amarehotels.com\/wp-content\/uploads\/2025\/10\/esquire-logo.jpg\" class=\"elementor-animation-grow attachment-full size-full wp-image-26780\" alt=\"Esquire\" srcset=\"https:\/\/dev.amarehotels.com\/wp-content\/uploads\/2025\/10\/esquire-logo.jpg 450w, https:\/\/dev.amarehotels.com\/wp-content\/uploads\/2025\/10\/esquire-logo-300x167.jpg 300w\" sizes=\"(max-width: 450px) 100vw, 450px\" \/>\t\t\t\t\t\t\t\t<\/a>\n\t\t\t\t\t\t\t\t\t\t\t\t\t\t\t<\/div>\n\t\t\t\t<\/div>\n\t\t\t\t<div class=\"elementor-element elementor-element-4e72a28 elementor-widget elementor-widget-image\" data-id=\"4e72a28\" data-element_type=\"widget\" data-widget_type=\"image.default\">\n\t\t\t\t<div class=\"elementor-widget-container\">\n\t\t\t\t\t\t\t\t\t\t\t\t\t\t\t\t<a href=\"https:\/\/dev.amarehotels.com\/wp-content\/uploads\/2025\/10\/mujer-hoy-press-room.pdf\" target=\"_blank\">\n\t\t\t\t\t\t\t<img loading=\"lazy\" decoding=\"async\" width=\"450\" height=\"250\" src=\"https:\/\/dev.amarehotels.com\/wp-content\/uploads\/2025\/10\/mujer-hoy-logo.jpg\" class=\"elementor-animation-grow attachment-full size-full wp-image-26781\" alt=\"Mujer Hoy\" srcset=\"https:\/\/dev.amarehotels.com\/wp-content\/uploads\/2025\/10\/mujer-hoy-logo.jpg 450w, https:\/\/dev.amarehotels.com\/wp-content\/uploads\/2025\/10\/mujer-hoy-logo-300x167.jpg 300w\" sizes=\"(max-width: 450px) 100vw, 450px\" \/>\t\t\t\t\t\t\t\t<\/a>\n\t\t\t\t\t\t\t\t\t\t\t\t\t\t\t<\/div>\n\t\t\t\t<\/div>\n\t\t\t\t<div class=\"elementor-element elementor-element-5483709 elementor-widget elementor-widget-image\" data-id=\"5483709\" data-element_type=\"widget\" data-widget_type=\"image.default\">\n\t\t\t\t<div class=\"elementor-widget-container\">\n\t\t\t\t\t\t\t\t\t\t\t\t\t\t\t\t<a href=\"https:\/\/dev.amarehotels.com\/wp-content\/uploads\/2025\/10\/woman-press-room.pdf\" target=\"_blank\">\n\t\t\t\t\t\t\t<img loading=\"lazy\" decoding=\"async\" width=\"450\" height=\"250\" src=\"https:\/\/dev.amarehotels.com\/wp-content\/uploads\/2025\/10\/logowoman.jpg\" class=\"elementor-animation-grow attachment-full size-full wp-image-26782\" alt=\"Woman Magazine\" srcset=\"https:\/\/dev.amarehotels.com\/wp-content\/uploads\/2025\/10\/logowoman.jpg 450w, https:\/\/dev.amarehotels.com\/wp-content\/uploads\/2025\/10\/logowoman-300x167.jpg 300w\" sizes=\"(max-width: 450px) 100vw, 450px\" \/>\t\t\t\t\t\t\t\t<\/a>\n\t\t\t\t\t\t\t\t\t\t\t\t\t\t\t<\/div>\n\t\t\t\t<\/div>\n\t\t\t\t<div class=\"elementor-element elementor-element-6d0b857 elementor-widget elementor-widget-image\" data-id=\"6d0b857\" data-element_type=\"widget\" data-widget_type=\"image.default\">\n\t\t\t\t<div class=\"elementor-widget-container\">\n\t\t\t\t\t\t\t\t\t\t\t\t\t\t\t\t<a href=\"https:\/\/dev.amarehotels.com\/wp-content\/uploads\/2025\/10\/hosteltur-press-room.pdf\" target=\"_blank\">\n\t\t\t\t\t\t\t<img loading=\"lazy\" decoding=\"async\" width=\"450\" height=\"250\" src=\"https:\/\/dev.amarehotels.com\/wp-content\/uploads\/2025\/10\/logo-hosteltur.png\" class=\"elementor-animation-grow attachment-full size-full wp-image-26783\" alt=\"Hosteltur\" srcset=\"https:\/\/dev.amarehotels.com\/wp-content\/uploads\/2025\/10\/logo-hosteltur.png 450w, https:\/\/dev.amarehotels.com\/wp-content\/uploads\/2025\/10\/logo-hosteltur-300x167.png 300w\" sizes=\"(max-width: 450px) 100vw, 450px\" \/>\t\t\t\t\t\t\t\t<\/a>\n\t\t\t\t\t\t\t\t\t\t\t\t\t\t\t<\/div>\n\t\t\t\t<\/div>\n\t\t\t\t<div class=\"elementor-element elementor-element-50e64b3 elementor-widget elementor-widget-image\" data-id=\"50e64b3\" data-element_type=\"widget\" data-widget_type=\"image.default\">\n\t\t\t\t<div class=\"elementor-widget-container\">\n\t\t\t\t\t\t\t\t\t\t\t\t\t\t\t\t<a href=\"https:\/\/dev.amarehotels.com\/wp-content\/uploads\/2025\/10\/glamour-press-room.pdf\" target=\"_blank\">\n\t\t\t\t\t\t\t<img loading=\"lazy\" decoding=\"async\" width=\"450\" height=\"250\" src=\"https:\/\/dev.amarehotels.com\/wp-content\/uploads\/2025\/10\/glamour-logo.jpg\" class=\"elementor-animation-grow attachment-full size-full wp-image-26784\" alt=\"Glamour\" srcset=\"https:\/\/dev.amarehotels.com\/wp-content\/uploads\/2025\/10\/glamour-logo.jpg 450w, https:\/\/dev.amarehotels.com\/wp-content\/uploads\/2025\/10\/glamour-logo-300x167.jpg 300w\" sizes=\"(max-width: 450px) 100vw, 450px\" \/>\t\t\t\t\t\t\t\t<\/a>\n\t\t\t\t\t\t\t\t\t\t\t\t\t\t\t<\/div>\n\t\t\t\t<\/div>\n\t\t\t\t<div class=\"elementor-element elementor-element-2c21410 elementor-widget elementor-widget-image\" data-id=\"2c21410\" data-element_type=\"widget\" data-widget_type=\"image.default\">\n\t\t\t\t<div class=\"elementor-widget-container\">\n\t\t\t\t\t\t\t\t\t\t\t\t\t\t\t\t<a href=\"https:\/\/dev.amarehotels.com\/wp-content\/uploads\/2025\/10\/ibiza-spotlight-press-room.pdf\" target=\"_blank\">\n\t\t\t\t\t\t\t<img loading=\"lazy\" decoding=\"async\" width=\"450\" height=\"250\" src=\"https:\/\/dev.amarehotels.com\/wp-content\/uploads\/2025\/10\/ibiza-spotlight-logo.jpg\" class=\"elementor-animation-grow attachment-full size-full wp-image-26785\" alt=\"Ibiza Spotlight\" srcset=\"https:\/\/dev.amarehotels.com\/wp-content\/uploads\/2025\/10\/ibiza-spotlight-logo.jpg 450w, https:\/\/dev.amarehotels.com\/wp-content\/uploads\/2025\/10\/ibiza-spotlight-logo-300x167.jpg 300w\" sizes=\"(max-width: 450px) 100vw, 450px\" \/>\t\t\t\t\t\t\t\t<\/a>\n\t\t\t\t\t\t\t\t\t\t\t\t\t\t\t<\/div>\n\t\t\t\t<\/div>\n\t\t\t\t<div class=\"elementor-element elementor-element-7be41f2 elementor-widget elementor-widget-image\" data-id=\"7be41f2\" data-element_type=\"widget\" data-widget_type=\"image.default\">\n\t\t\t\t<div class=\"elementor-widget-container\">\n\t\t\t\t\t\t\t\t\t\t\t\t\t\t\t\t<a href=\"https:\/\/dev.amarehotels.com\/wp-content\/uploads\/2025\/10\/the-luxonomist-press-room.pdf\" target=\"_blank\">\n\t\t\t\t\t\t\t<img loading=\"lazy\" decoding=\"async\" width=\"450\" height=\"250\" src=\"https:\/\/dev.amarehotels.com\/wp-content\/uploads\/2025\/10\/the-luxonomist-logo.jpg\" class=\"elementor-animation-grow attachment-full size-full wp-image-26786\" alt=\"The Luxonomist\" srcset=\"https:\/\/dev.amarehotels.com\/wp-content\/uploads\/2025\/10\/the-luxonomist-logo.jpg 450w, https:\/\/dev.amarehotels.com\/wp-content\/uploads\/2025\/10\/the-luxonomist-logo-300x167.jpg 300w\" sizes=\"(max-width: 450px) 100vw, 450px\" \/>\t\t\t\t\t\t\t\t<\/a>\n\t\t\t\t\t\t\t\t\t\t\t\t\t\t\t<\/div>\n\t\t\t\t<\/div>\n\t\t\t\t<\/div>\n\t\t\t\t<\/div>\n\t\t<div class=\"elementor-element elementor-element-afce7c5 e-con-full e-flex e-con e-child\" data-id=\"afce7c5\" data-element_type=\"container\" data-settings=\"{&quot;background_background&quot;:&quot;classic&quot;}\">\n\t\t<div class=\"elementor-element elementor-element-9b4812d e-con-full e-flex e-con e-child\" data-id=\"9b4812d\" data-element_type=\"container\">\n\t\t\t\t<div class=\"elementor-element elementor-element-e609a60 elementor-widget elementor-widget-heading\" data-id=\"e609a60\" data-element_type=\"widget\" data-widget_type=\"heading.default\">\n\t\t\t\t<div class=\"elementor-widget-container\">\n\t\t\t\t\t<div class=\"elementor-heading-title elementor-size-default\">Informaci\u00f3n de contacto<\/div>\t\t\t\t<\/div>\n\t\t\t\t<\/div>\n\t\t\t\t<div class=\"elementor-element elementor-element-734cc0b elementor-widget elementor-widget-heading\" data-id=\"734cc0b\" data-element_type=\"widget\" data-widget_type=\"heading.default\">\n\t\t\t\t<div class=\"elementor-widget-container\">\n\t\t\t\t\t<div class=\"elementor-heading-title elementor-size-default\">Oficina de Comunicaci\u00f3n<\/div>\t\t\t\t<\/div>\n\t\t\t\t<\/div>\n\t\t\t\t<\/div>\n\t\t<div class=\"elementor-element elementor-element-9b7a24a e-con-full e-flex e-con e-child\" data-id=\"9b7a24a\" data-element_type=\"container\">\n\t\t\t\t<div class=\"elementor-element elementor-element-32ce609 elementor-icon-list--layout-traditional elementor-list-item-link-full_width elementor-widget elementor-widget-icon-list\" data-id=\"32ce609\" data-element_type=\"widget\" data-widget_type=\"icon-list.default\">\n\t\t\t\t<div class=\"elementor-widget-container\">\n\t\t\t\t\t\t\t<ul class=\"elementor-icon-list-items\">\n\t\t\t\t\t\t\t<li class=\"elementor-icon-list-item\">\n\t\t\t\t\t\t\t\t\t\t\t<span class=\"elementor-icon-list-icon\">\n\t\t\t\t\t\t\t<i aria-hidden=\"true\" class=\"huge huge-user\"><\/i>\t\t\t\t\t\t<\/span>\n\t\t\t\t\t\t\t\t\t\t<span class=\"elementor-icon-list-text\"><strong>Arantxa \u00c1lvarez Navarro <\/strong><\/span>\n\t\t\t\t\t\t\t\t\t<\/li>\n\t\t\t\t\t\t\t\t<li class=\"elementor-icon-list-item\">\n\t\t\t\t\t\t\t\t\t\t\t<span class=\"elementor-icon-list-icon\">\n\t\t\t\t\t\t\t<i aria-hidden=\"true\" class=\"huge huge-smart-phone-01\"><\/i>\t\t\t\t\t\t<\/span>\n\t\t\t\t\t\t\t\t\t\t<span class=\"elementor-icon-list-text\">+34 690 831 89 <\/span>\n\t\t\t\t\t\t\t\t\t<\/li>\n\t\t\t\t\t\t\t\t<li class=\"elementor-icon-list-item\">\n\t\t\t\t\t\t\t\t\t\t\t<span class=\"elementor-icon-list-icon\">\n\t\t\t\t\t\t\t<i aria-hidden=\"true\" class=\"huge huge-mail-02\"><\/i>\t\t\t\t\t\t<\/span>\n\t\t\t\t\t\t\t\t\t\t<span class=\"elementor-icon-list-text\">communication3@fuerte-group.com<\/span>\n\t\t\t\t\t\t\t\t\t<\/li>\n\t\t\t\t\t\t<\/ul>\n\t\t\t\t\t\t<\/div>\n\t\t\t\t<\/div>\n\t\t\t\t<\/div>\n\t\t\t\t<\/div>\n\t\t\t\t\t<\/div>\n\t\t\t\t<\/div>\n\t\t\t\t<\/div>\n\t\t","protected":false},"excerpt":{"rendered":"<p>Sala de prensa En nuestra Sala de Prensa podr\u00e1s encontrar notas de prensa y recortes de prensa de medios de comunicaci\u00f3n destacados, enlaces directos a estos art\u00edculos y el dossier de prensa de Am\u00e0re Hotels con toda la informaci\u00f3n necesaria para conocer la marca. Informaci\u00f3n de contacto Oficina de Comunicaci\u00f3n Arantxa \u00c1lvarez Navarro +34 690 [&hellip;]<\/p>\n","protected":false},"author":4,"featured_media":0,"parent":0,"menu_order":0,"comment_status":"closed","ping_status":"closed","template":"","meta":{"site-sidebar-layout":"no-sidebar","site-content-layout":"page-builder","ast-site-content-layout":"full-width-container","site-content-style":"default","site-sidebar-style":"default","ast-global-header-display":"","ast-banner-title-visibility":"","ast-main-header-display":"","ast-hfb-above-header-display":"","ast-hfb-below-header-display":"","ast-hfb-mobile-header-display":"","site-post-title":"disabled","ast-breadcrumbs-content":"","ast-featured-img":"disabled","footer-sml-layout":"","ast-disable-related-posts":"","theme-transparent-header-meta":"","adv-header-id-meta":"","stick-header-meta":"","header-above-stick-meta":"","header-main-stick-meta":"","header-below-stick-meta":"","astra-migrate-meta-layouts":"set","ast-page-background-enabled":"default","ast-page-background-meta":{"desktop":{"background-color":"var(--ast-global-color-4)","background-image":"","background-repeat":"repeat","background-position":"center center","background-size":"auto","background-attachment":"scroll","background-type":"","background-media":"","overlay-type":"","overlay-color":"","overlay-opacity":"","overlay-gradient":""},"tablet":{"background-color":"","background-image":"","background-repeat":"repeat","background-position":"center center","background-size":"auto","background-attachment":"scroll","background-type":"","background-media":"","overlay-type":"","overlay-color":"","overlay-opacity":"","overlay-gradient":""},"mobile":{"background-color":"","background-image":"","background-repeat":"repeat","background-position":"center center","background-size":"auto","background-attachment":"scroll","background-type":"","background-media":"","overlay-type":"","overlay-color":"","overlay-opacity":"","overlay-gradient":""}},"ast-content-background-meta":{"desktop":{"background-color":"var(--ast-global-color-5)","background-image":"","background-repeat":"repeat","background-position":"center center","background-size":"auto","background-attachment":"scroll","background-type":"","background-media":"","overlay-type":"","overlay-color":"","overlay-opacity":"","overlay-gradient":""},"tablet":{"background-color":"var(--ast-global-color-5)","background-image":"","background-repeat":"repeat","background-position":"center center","background-size":"auto","background-attachment":"scroll","background-type":"","background-media":"","overlay-type":"","overlay-color":"","overlay-opacity":"","overlay-gradient":""},"mobile":{"background-color":"var(--ast-global-color-5)","background-image":"","background-repeat":"repeat","background-position":"center center","background-size":"auto","background-attachment":"scroll","background-type":"","background-media":"","overlay-type":"","overlay-color":"","overlay-opacity":"","overlay-gradient":""}},"footnotes":""},"class_list":["post-26916","page","type-page","status-publish","hentry"],"_links":{"self":[{"href":"https:\/\/dev.amarehotels.com\/es\/wp-json\/wp\/v2\/pages\/26916","targetHints":{"allow":["GET"]}}],"collection":[{"href":"https:\/\/dev.amarehotels.com\/es\/wp-json\/wp\/v2\/pages"}],"about":[{"href":"https:\/\/dev.amarehotels.com\/es\/wp-json\/wp\/v2\/types\/page"}],"author":[{"embeddable":true,"href":"https:\/\/dev.amarehotels.com\/es\/wp-json\/wp\/v2\/users\/4"}],"replies":[{"embeddable":true,"href":"https:\/\/dev.amarehotels.com\/es\/wp-json\/wp\/v2\/comments?post=26916"}],"version-history":[{"count":0,"href":"https:\/\/dev.amarehotels.com\/es\/wp-json\/wp\/v2\/pages\/26916\/revisions"}],"wp:attachment":[{"href":"https:\/\/dev.amarehotels.com\/es\/wp-json\/wp\/v2\/media?parent=26916"}],"curies":[{"name":"wp","href":"https:\/\/api.w.org\/{rel}","templated":true}]}}