{"id":29613,"date":"2025-06-02T16:29:19","date_gmt":"2025-06-02T14:29:19","guid":{"rendered":"https:\/\/dev.amarehotels.com\/brand-mates\/les-canebiers\/"},"modified":"2025-10-29T13:48:22","modified_gmt":"2025-10-29T12:48:22","slug":"les-canebiers","status":"publish","type":"page","link":"https:\/\/dev.amarehotels.com\/es\/brand-mates\/les-canebiers\/","title":{"rendered":"Les Canebiers"},"content":{"rendered":"\t\t<div data-elementor-type=\"wp-page\" data-elementor-id=\"29613\" class=\"elementor elementor-29613 elementor-5108\" data-elementor-post-type=\"page\">\n\t\t\t\t<div class=\"elementor-element elementor-element-b6b8dc5 e-flex e-con-boxed e-con e-parent\" data-id=\"b6b8dc5\" data-element_type=\"container\">\n\t\t\t\t\t<div class=\"e-con-inner\">\n\t\t<div class=\"elementor-element elementor-element-557fb34 e-con-full e-flex elementor-invisible e-con e-child\" data-id=\"557fb34\" data-element_type=\"container\" data-settings=\"{&quot;animation&quot;:&quot;fadeIn&quot;}\">\n\t\t<div class=\"elementor-element elementor-element-93cf56b e-con-full e-flex e-con e-child\" data-id=\"93cf56b\" data-element_type=\"container\" data-settings=\"{&quot;background_background&quot;:&quot;classic&quot;}\">\n\t\t\t\t<div class=\"elementor-element elementor-element-de75b13 elementor-invisible elementor-widget elementor-widget-image\" data-id=\"de75b13\" data-element_type=\"widget\" data-settings=\"{&quot;_animation&quot;:&quot;fadeIn&quot;,&quot;_animation_delay&quot;:700}\" data-widget_type=\"image.default\">\n\t\t\t\t<div class=\"elementor-widget-container\">\n\t\t\t\t\t\t\t\t\t\t\t\t\t\t\t<img decoding=\"async\" width=\"400\" height=\"87\" src=\"https:\/\/dev.amarehotels.com\/wp-content\/uploads\/2025\/06\/les-canebiers-logo.png\" class=\"attachment-full size-full wp-image-21100\" alt=\"Les Canebiers\" srcset=\"https:\/\/dev.amarehotels.com\/wp-content\/uploads\/2025\/06\/les-canebiers-logo.png 400w, https:\/\/dev.amarehotels.com\/wp-content\/uploads\/2025\/06\/les-canebiers-logo-300x65.png 300w\" sizes=\"(max-width: 400px) 100vw, 400px\" \/>\t\t\t\t\t\t\t\t\t\t\t\t\t\t\t<\/div>\n\t\t\t\t<\/div>\n\t\t\t\t<\/div>\n\t\t\t\t<\/div>\n\t\t<div class=\"elementor-element elementor-element-73318c9 e-con-full e-flex e-con e-child\" data-id=\"73318c9\" data-element_type=\"container\" data-settings=\"{&quot;animation&quot;:&quot;none&quot;}\">\n\t\t<div class=\"elementor-element elementor-element-8243a53 e-con-full e-flex e-con e-child\" data-id=\"8243a53\" data-element_type=\"container\">\n\t\t\t\t<div class=\"elementor-element elementor-element-be666ca elementor-widget__width-initial elementor-widget elementor-widget-heading\" data-id=\"be666ca\" data-element_type=\"widget\" data-widget_type=\"heading.default\">\n\t\t\t\t<div class=\"elementor-widget-container\">\n\t\t\t\t\t<h1 class=\"elementor-heading-title elementor-size-default\">Moda de ba\u00f1o de estilo marinero y mediterr\u00e1neo<\/h1>\t\t\t\t<\/div>\n\t\t\t\t<\/div>\n\t\t\t\t<\/div>\n\t\t<div class=\"elementor-element elementor-element-ea31224 e-con-full e-flex e-con e-child\" data-id=\"ea31224\" data-element_type=\"container\">\n\t\t<div class=\"elementor-element elementor-element-f20f2c9 e-con-full e-flex e-con e-child\" data-id=\"f20f2c9\" data-element_type=\"container\">\n\t\t\t\t<div class=\"elementor-element elementor-element-a278316 elementor-widget__width-initial elementor-widget elementor-widget-text-editor\" data-id=\"a278316\" data-element_type=\"widget\" data-widget_type=\"text-editor.default\">\n\t\t\t\t<div class=\"elementor-widget-container\">\n\t\t\t\t\t\t\t\t\t<p>Durante el verano de 2021, <strong>Am\u00e0re Hotels<\/strong> y la prestigiosa marca de ropa de ba\u00f1o <strong>Les Canebiers<\/strong> unieron sus fuerzas en una colaboraci\u00f3n cuyo objetivo fue vestir a las modelos que participaron en las sesiones de fotos de la cadena hotelera recomendada para adultos.<\/p>\t\t\t\t\t\t\t\t<\/div>\n\t\t\t\t<\/div>\n\t\t\t\t<\/div>\n\t\t<div class=\"elementor-element elementor-element-ea38dd5 e-con-full e-flex e-con e-child\" data-id=\"ea38dd5\" data-element_type=\"container\">\n\t\t\t\t<div class=\"elementor-element elementor-element-c462216 elementor-widget__width-initial elementor-widget elementor-widget-text-editor\" data-id=\"c462216\" data-element_type=\"widget\" data-widget_type=\"text-editor.default\">\n\t\t\t\t<div class=\"elementor-widget-container\">\n\t\t\t\t\t\t\t\t\t<p>Les Canebiers, originada en Saint-Tropez, la ic\u00f3nica ciudad costera francesa de la Costa Azul, evoca a grandes figuras de los a\u00f1os 50 del siglo pasado, como Fran\u00e7oise Sagan, Jacques Pr\u00e9vert o Pablo Picasso, que visitaron o se instalaron en esta localidad del litoral mediterr\u00e1neo. Otra de las figuras que se suelen asociar con Saint-Tropez es la m\u00edtica actriz francesa Brigitte Bardot.<\/p>\t\t\t\t\t\t\t\t<\/div>\n\t\t\t\t<\/div>\n\t\t\t\t<\/div>\n\t\t\t\t<\/div>\n\t\t<div class=\"elementor-element elementor-element-2831424 e-con-full e-flex e-con e-child\" data-id=\"2831424\" data-element_type=\"container\">\n\t\t<div class=\"elementor-element elementor-element-1d1f705 e-con-full e-flex e-con e-child\" data-id=\"1d1f705\" data-element_type=\"container\">\n\t\t\t\t<div class=\"elementor-element elementor-element-0740270 elementor-widget__width-initial elementor-widget elementor-widget-text-editor\" data-id=\"0740270\" data-element_type=\"widget\" data-widget_type=\"text-editor.default\">\n\t\t\t\t<div class=\"elementor-widget-container\">\n\t\t\t\t\t\t\t\t\t<p>Con unas l\u00edneas claramente marineras, Les Canebiers se fusiona a la perfecci\u00f3n con ese esp\u00edritu mediterr\u00e1neo, art\u00edstico y sofisticado que desprende la peque\u00f1a localidad costera, y que se refleja en sus elegantes dise\u00f1os de ropa de ba\u00f1o.<\/p>\t\t\t\t\t\t\t\t<\/div>\n\t\t\t\t<\/div>\n\t\t\t\t<\/div>\n\t\t\t\t<\/div>\n\t\t\t\t<\/div>\n\t\t\t\t\t<\/div>\n\t\t\t\t<\/div>\n\t\t\t\t<\/div>\n\t\t","protected":false},"excerpt":{"rendered":"<p>Moda de ba\u00f1o de estilo marinero y mediterr\u00e1neo Durante el verano de 2021, Am\u00e0re Hotels y la prestigiosa marca de ropa de ba\u00f1o Les Canebiers unieron sus fuerzas en una colaboraci\u00f3n cuyo objetivo fue vestir a las modelos que participaron en las sesiones de fotos de la cadena hotelera recomendada para adultos. Les Canebiers, originada [&hellip;]<\/p>\n","protected":false},"author":4,"featured_media":0,"parent":29575,"menu_order":0,"comment_status":"closed","ping_status":"closed","template":"","meta":{"site-sidebar-layout":"no-sidebar","site-content-layout":"page-builder","ast-site-content-layout":"full-width-container","site-content-style":"default","site-sidebar-style":"default","ast-global-header-display":"","ast-banner-title-visibility":"","ast-main-header-display":"","ast-hfb-above-header-display":"","ast-hfb-below-header-display":"","ast-hfb-mobile-header-display":"","site-post-title":"disabled","ast-breadcrumbs-content":"","ast-featured-img":"disabled","footer-sml-layout":"","ast-disable-related-posts":"","theme-transparent-header-meta":"","adv-header-id-meta":"","stick-header-meta":"","header-above-stick-meta":"","header-main-stick-meta":"","header-below-stick-meta":"","astra-migrate-meta-layouts":"set","ast-page-background-enabled":"default","ast-page-background-meta":{"desktop":{"background-color":"var(--ast-global-color-4)","background-image":"","background-repeat":"repeat","background-position":"center center","background-size":"auto","background-attachment":"scroll","background-type":"","background-media":"","overlay-type":"","overlay-color":"","overlay-opacity":"","overlay-gradient":""},"tablet":{"background-color":"","background-image":"","background-repeat":"repeat","background-position":"center center","background-size":"auto","background-attachment":"scroll","background-type":"","background-media":"","overlay-type":"","overlay-color":"","overlay-opacity":"","overlay-gradient":""},"mobile":{"background-color":"","background-image":"","background-repeat":"repeat","background-position":"center center","background-size":"auto","background-attachment":"scroll","background-type":"","background-media":"","overlay-type":"","overlay-color":"","overlay-opacity":"","overlay-gradient":""}},"ast-content-background-meta":{"desktop":{"background-color":"var(--ast-global-color-5)","background-image":"","background-repeat":"repeat","background-position":"center center","background-size":"auto","background-attachment":"scroll","background-type":"","background-media":"","overlay-type":"","overlay-color":"","overlay-opacity":"","overlay-gradient":""},"tablet":{"background-color":"var(--ast-global-color-5)","background-image":"","background-repeat":"repeat","background-position":"center center","background-size":"auto","background-attachment":"scroll","background-type":"","background-media":"","overlay-type":"","overlay-color":"","overlay-opacity":"","overlay-gradient":""},"mobile":{"background-color":"var(--ast-global-color-5)","background-image":"","background-repeat":"repeat","background-position":"center center","background-size":"auto","background-attachment":"scroll","background-type":"","background-media":"","overlay-type":"","overlay-color":"","overlay-opacity":"","overlay-gradient":""}},"footnotes":""},"class_list":["post-29613","page","type-page","status-publish","hentry"],"_links":{"self":[{"href":"https:\/\/dev.amarehotels.com\/es\/wp-json\/wp\/v2\/pages\/29613","targetHints":{"allow":["GET"]}}],"collection":[{"href":"https:\/\/dev.amarehotels.com\/es\/wp-json\/wp\/v2\/pages"}],"about":[{"href":"https:\/\/dev.amarehotels.com\/es\/wp-json\/wp\/v2\/types\/page"}],"author":[{"embeddable":true,"href":"https:\/\/dev.amarehotels.com\/es\/wp-json\/wp\/v2\/users\/4"}],"replies":[{"embeddable":true,"href":"https:\/\/dev.amarehotels.com\/es\/wp-json\/wp\/v2\/comments?post=29613"}],"version-history":[{"count":0,"href":"https:\/\/dev.amarehotels.com\/es\/wp-json\/wp\/v2\/pages\/29613\/revisions"}],"up":[{"embeddable":true,"href":"https:\/\/dev.amarehotels.com\/es\/wp-json\/wp\/v2\/pages\/29575"}],"wp:attachment":[{"href":"https:\/\/dev.amarehotels.com\/es\/wp-json\/wp\/v2\/media?parent=29613"}],"curies":[{"name":"wp","href":"https:\/\/api.w.org\/{rel}","templated":true}]}}