{"id":30043,"date":"2025-10-02T09:38:26","date_gmt":"2025-10-02T07:38:26","guid":{"rendered":"https:\/\/dev.amarehotels.com\/influencers-media\/"},"modified":"2025-10-30T12:42:08","modified_gmt":"2025-10-30T11:42:08","slug":"influenceur-presse","status":"publish","type":"page","link":"https:\/\/dev.amarehotels.com\/fr\/influenceur-presse\/","title":{"rendered":"Influenceur et Presse"},"content":{"rendered":"\t\t<div data-elementor-type=\"wp-page\" data-elementor-id=\"30043\" class=\"elementor elementor-30043 elementor-18286\" data-elementor-post-type=\"page\">\n\t\t\t\t<div class=\"elementor-element elementor-element-3b7231f e-flex e-con-boxed e-con e-parent\" data-id=\"3b7231f\" data-element_type=\"container\">\n\t\t\t\t\t<div class=\"e-con-inner\">\n\t\t<div class=\"elementor-element elementor-element-a2065ad e-con-full e-flex e-con e-child\" data-id=\"a2065ad\" data-element_type=\"container\" data-settings=\"{&quot;background_background&quot;:&quot;classic&quot;}\">\n\t\t\t\t<\/div>\n\t\t\t\t\t<\/div>\n\t\t\t\t<\/div>\n\t\t<div class=\"elementor-element elementor-element-e5dd050 e-flex e-con-boxed e-con e-child\" data-id=\"e5dd050\" data-element_type=\"container\">\n\t\t\t\t\t<div class=\"e-con-inner\">\n\t\t\t\t<div class=\"elementor-element elementor-element-e28181c elementor-widget elementor-widget-heading\" data-id=\"e28181c\" data-element_type=\"widget\" data-widget_type=\"heading.default\">\n\t\t\t\t<div class=\"elementor-widget-container\">\n\t\t\t\t\t<h1 class=\"elementor-heading-title elementor-size-default\">Prenez contact avec nous<\/h1>\t\t\t\t<\/div>\n\t\t\t\t<\/div>\n\t\t\t\t<div class=\"elementor-element elementor-element-68b756d elementor-widget__width-initial elementor-widget elementor-widget-text-editor\" data-id=\"68b756d\" data-element_type=\"widget\" data-widget_type=\"text-editor.default\">\n\t\t\t\t<div class=\"elementor-widget-container\">\n\t\t\t\t\t\t\t\t\tSi notre marque vous pla\u00eet et si vous souhaitez collaborer avec nous, veuillez \u00e9crire \u00e0 notre d\u00e9partement Marketing et nous serons heureux de vous r\u00e9pondre\t\t\t\t\t\t\t\t<\/div>\n\t\t\t\t<\/div>\n\t\t\t\t\t<\/div>\n\t\t\t\t<\/div>\n\t\t<div class=\"elementor-element elementor-element-7d640be e-flex e-con-boxed e-con e-parent\" data-id=\"7d640be\" data-element_type=\"container\">\n\t\t\t\t\t<div class=\"e-con-inner\">\n\t\t<div class=\"elementor-element elementor-element-06727f6 e-con-full e-flex e-con e-child\" data-id=\"06727f6\" data-element_type=\"container\">\n\t\t<div class=\"elementor-element elementor-element-e19aee5 e-con-full e-flex e-con e-child\" data-id=\"e19aee5\" data-element_type=\"container\">\n\t\t\t\t<div class=\"elementor-element elementor-element-e2635c6 elementor-widget__width-auto elementor-widget elementor-widget-heading\" data-id=\"e2635c6\" data-element_type=\"widget\" data-widget_type=\"heading.default\">\n\t\t\t\t<div class=\"elementor-widget-container\">\n\t\t\t\t\t<h2 class=\"elementor-heading-title elementor-size-default\">Influenceur ?<\/h2>\t\t\t\t<\/div>\n\t\t\t\t<\/div>\n\t\t\t\t<div class=\"elementor-element elementor-element-c095da4 elementor-widget__width-initial elementor-widget elementor-widget-text-editor\" data-id=\"c095da4\" data-element_type=\"widget\" data-widget_type=\"text-editor.default\">\n\t\t\t\t<div class=\"elementor-widget-container\">\n\t\t\t\t\t\t\t\t\tVous \u00eates un(e) influenceur(se) et vous souhaitez collaborer avec Am\u00e0re Hotels ? Faites-vous conna\u00eetre par le biais du formulaire suivant et nous \u00e9tudierons votre proposition.\t\t\t\t\t\t\t\t<\/div>\n\t\t\t\t<\/div>\n\t\t\t\t<div class=\"elementor-element elementor-element-ce87c0d elementor-widget elementor-widget-button\" data-id=\"ce87c0d\" data-element_type=\"widget\" data-widget_type=\"button.default\">\n\t\t\t\t<div class=\"elementor-widget-container\">\n\t\t\t\t\t\t\t\t\t<div class=\"elementor-button-wrapper\">\n\t\t\t\t\t<a class=\"elementor-button elementor-button-link elementor-size-sm\" href=\"#elementor-action%3Aaction%3Dpopup%3Aopen%26settings%3DeyJpZCI6MzAxMjgsInRvZ2dsZSI6ZmFsc2V9\">\n\t\t\t\t\t\t<span class=\"elementor-button-content-wrapper\">\n\t\t\t\t\t\t\t\t\t<span class=\"elementor-button-text\">Envoyez-nous votre profil social<\/span>\n\t\t\t\t\t<\/span>\n\t\t\t\t\t<\/a>\n\t\t\t\t<\/div>\n\t\t\t\t\t\t\t\t<\/div>\n\t\t\t\t<\/div>\n\t\t\t\t<\/div>\n\t\t<div class=\"elementor-element elementor-element-e7f5ff8 e-con-full e-flex e-con e-child\" data-id=\"e7f5ff8\" data-element_type=\"container\" data-settings=\"{&quot;background_background&quot;:&quot;classic&quot;}\">\n\t\t<div class=\"elementor-element elementor-element-6a96789 e-con-full e-flex e-con e-child\" data-id=\"6a96789\" data-element_type=\"container\" data-settings=\"{&quot;background_background&quot;:&quot;classic&quot;}\">\n\t\t\t\t<div class=\"elementor-element elementor-element-899ab40 elementor-widget elementor-widget-image\" data-id=\"899ab40\" data-element_type=\"widget\" data-widget_type=\"image.default\">\n\t\t\t\t<div class=\"elementor-widget-container\">\n\t\t\t\t\t\t\t\t\t\t\t\t\t\t\t<img fetchpriority=\"high\" decoding=\"async\" width=\"1200\" height=\"900\" src=\"https:\/\/dev.amarehotels.com\/wp-content\/uploads\/2025\/10\/influencer-media-woman.jpg\" class=\"attachment-full size-full wp-image-26822\" alt=\"Am\u00e0re Ibiza modelo mujer en rooftop\" srcset=\"https:\/\/dev.amarehotels.com\/wp-content\/uploads\/2025\/10\/influencer-media-woman.jpg 1200w, https:\/\/dev.amarehotels.com\/wp-content\/uploads\/2025\/10\/influencer-media-woman-300x225.jpg 300w, https:\/\/dev.amarehotels.com\/wp-content\/uploads\/2025\/10\/influencer-media-woman-1024x768.jpg 1024w, https:\/\/dev.amarehotels.com\/wp-content\/uploads\/2025\/10\/influencer-media-woman-768x576.jpg 768w\" sizes=\"(max-width: 1200px) 100vw, 1200px\" \/>\t\t\t\t\t\t\t\t\t\t\t\t\t\t\t<\/div>\n\t\t\t\t<\/div>\n\t\t\t\t<\/div>\n\t\t\t\t<\/div>\n\t\t\t\t<\/div>\n\t\t\t\t\t<\/div>\n\t\t\t\t<\/div>\n\t\t<div class=\"elementor-element elementor-element-2e0ce2c e-flex e-con-boxed e-con e-parent\" data-id=\"2e0ce2c\" data-element_type=\"container\">\n\t\t\t\t\t<div class=\"e-con-inner\">\n\t\t<div class=\"elementor-element elementor-element-b902bf6 e-con-full e-flex e-con e-child\" data-id=\"b902bf6\" data-element_type=\"container\">\n\t\t<div class=\"elementor-element elementor-element-83da90c e-con-full e-flex e-con e-child\" data-id=\"83da90c\" data-element_type=\"container\" data-settings=\"{&quot;background_background&quot;:&quot;classic&quot;}\">\n\t\t<div class=\"elementor-element elementor-element-4baa8f8 e-con-full e-flex e-con e-child\" data-id=\"4baa8f8\" data-element_type=\"container\" data-settings=\"{&quot;background_background&quot;:&quot;classic&quot;}\">\n\t\t\t\t<div class=\"elementor-element elementor-element-2e6533c elementor-widget elementor-widget-image\" data-id=\"2e6533c\" data-element_type=\"widget\" data-widget_type=\"image.default\">\n\t\t\t\t<div class=\"elementor-widget-container\">\n\t\t\t\t\t\t\t\t\t\t\t\t\t\t\t<img decoding=\"async\" width=\"1200\" height=\"900\" src=\"https:\/\/dev.amarehotels.com\/wp-content\/uploads\/2025\/10\/influencer-media-sea.jpg\" class=\"attachment-full size-full wp-image-26823\" alt=\"\" srcset=\"https:\/\/dev.amarehotels.com\/wp-content\/uploads\/2025\/10\/influencer-media-sea.jpg 1200w, https:\/\/dev.amarehotels.com\/wp-content\/uploads\/2025\/10\/influencer-media-sea-300x225.jpg 300w, https:\/\/dev.amarehotels.com\/wp-content\/uploads\/2025\/10\/influencer-media-sea-1024x768.jpg 1024w, https:\/\/dev.amarehotels.com\/wp-content\/uploads\/2025\/10\/influencer-media-sea-768x576.jpg 768w\" sizes=\"(max-width: 1200px) 100vw, 1200px\" \/>\t\t\t\t\t\t\t\t\t\t\t\t\t\t\t<\/div>\n\t\t\t\t<\/div>\n\t\t<div class=\"elementor-element elementor-element-34e3d61 e-con-full e-flex e-con e-child\" data-id=\"34e3d61\" data-element_type=\"container\" data-settings=\"{&quot;background_background&quot;:&quot;classic&quot;,&quot;position&quot;:&quot;absolute&quot;}\">\n\t\t\t\t<div class=\"elementor-element elementor-element-8ba5e0f elementor-widget elementor-widget-heading\" data-id=\"8ba5e0f\" data-element_type=\"widget\" data-widget_type=\"heading.default\">\n\t\t\t\t<div class=\"elementor-widget-container\">\n\t\t\t\t\t<span class=\"elementor-heading-title elementor-size-default\">Am\u00e0re Hotels<\/span>\t\t\t\t<\/div>\n\t\t\t\t<\/div>\n\t\t\t\t<div class=\"elementor-element elementor-element-a65ca59 elementor-widget-divider--view-line elementor-widget elementor-widget-divider\" data-id=\"a65ca59\" data-element_type=\"widget\" data-widget_type=\"divider.default\">\n\t\t\t\t<div class=\"elementor-widget-container\">\n\t\t\t\t\t\t\t<div class=\"elementor-divider\">\n\t\t\t<span class=\"elementor-divider-separator\">\n\t\t\t\t\t\t<\/span>\n\t\t<\/div>\n\t\t\t\t\t\t<\/div>\n\t\t\t\t<\/div>\n\t\t\t\t<div class=\"elementor-element elementor-element-4b6c49d elementor-widget elementor-widget-heading\" data-id=\"4b6c49d\" data-element_type=\"widget\" data-widget_type=\"heading.default\">\n\t\t\t\t<div class=\"elementor-widget-container\">\n\t\t\t\t\t<span class=\"elementor-heading-title elementor-size-default\">Travel<\/span>\t\t\t\t<\/div>\n\t\t\t\t<\/div>\n\t\t\t\t<\/div>\n\t\t\t\t<\/div>\n\t\t\t\t<\/div>\n\t\t<div class=\"elementor-element elementor-element-e89b387 e-con-full e-flex e-con e-child\" data-id=\"e89b387\" data-element_type=\"container\">\n\t\t\t\t<div class=\"elementor-element elementor-element-9ab9098 elementor-widget__width-auto elementor-widget elementor-widget-heading\" data-id=\"9ab9098\" data-element_type=\"widget\" data-widget_type=\"heading.default\">\n\t\t\t\t<div class=\"elementor-widget-container\">\n\t\t\t\t\t<h2 class=\"elementor-heading-title elementor-size-default\">Presse ?<\/h2>\t\t\t\t<\/div>\n\t\t\t\t<\/div>\n\t\t\t\t<div class=\"elementor-element elementor-element-0ab9c6b elementor-widget__width-initial elementor-widget elementor-widget-text-editor\" data-id=\"0ab9c6b\" data-element_type=\"widget\" data-widget_type=\"text-editor.default\">\n\t\t\t\t<div class=\"elementor-widget-container\">\n\t\t\t\t\t\t\t\t\t<p>Si vous travaillez pour un m\u00e9dia, si vous \u00eates pigiste ou si vous souhaitez \u00e9crire sur nos h\u00f4tels, laissez-nous vos informations afin que nous puissions \u00e9valuer votre candidature.<\/p>\t\t\t\t\t\t\t\t<\/div>\n\t\t\t\t<\/div>\n\t\t\t\t<div class=\"elementor-element elementor-element-8460fae elementor-widget elementor-widget-button\" data-id=\"8460fae\" data-element_type=\"widget\" data-widget_type=\"button.default\">\n\t\t\t\t<div class=\"elementor-widget-container\">\n\t\t\t\t\t\t\t\t\t<div class=\"elementor-button-wrapper\">\n\t\t\t\t\t<a class=\"elementor-button elementor-button-link elementor-size-sm\" href=\"#elementor-action%3Aaction%3Dpopup%3Aopen%26settings%3DeyJpZCI6MzAwMDUsInRvZ2dsZSI6ZmFsc2V9\">\n\t\t\t\t\t\t<span class=\"elementor-button-content-wrapper\">\n\t\t\t\t\t\t\t\t\t<span class=\"elementor-button-text\">Contactez-nous<\/span>\n\t\t\t\t\t<\/span>\n\t\t\t\t\t<\/a>\n\t\t\t\t<\/div>\n\t\t\t\t\t\t\t\t<\/div>\n\t\t\t\t<\/div>\n\t\t\t\t<\/div>\n\t\t\t\t<\/div>\n\t\t\t\t\t<\/div>\n\t\t\t\t<\/div>\n\t\t\t\t<\/div>\n\t\t","protected":false},"excerpt":{"rendered":"<p>Prenez contact avec nous Si notre marque vous pla\u00eet et si vous souhaitez collaborer avec nous, veuillez \u00e9crire \u00e0 notre d\u00e9partement Marketing et nous serons heureux de vous r\u00e9pondre Influenceur ? Vous \u00eates un(e) influenceur(se) et vous souhaitez collaborer avec Am\u00e0re Hotels ? Faites-vous conna\u00eetre par le biais du formulaire suivant et nous \u00e9tudierons votre [&hellip;]<\/p>\n","protected":false},"author":2,"featured_media":0,"parent":0,"menu_order":0,"comment_status":"closed","ping_status":"closed","template":"","meta":{"site-sidebar-layout":"no-sidebar","site-content-layout":"page-builder","ast-site-content-layout":"full-width-container","site-content-style":"default","site-sidebar-style":"default","ast-global-header-display":"","ast-banner-title-visibility":"","ast-main-header-display":"","ast-hfb-above-header-display":"","ast-hfb-below-header-display":"","ast-hfb-mobile-header-display":"","site-post-title":"disabled","ast-breadcrumbs-content":"","ast-featured-img":"disabled","footer-sml-layout":"","ast-disable-related-posts":"","theme-transparent-header-meta":"","adv-header-id-meta":"","stick-header-meta":"","header-above-stick-meta":"","header-main-stick-meta":"","header-below-stick-meta":"","astra-migrate-meta-layouts":"set","ast-page-background-enabled":"default","ast-page-background-meta":{"desktop":{"background-color":"var(--ast-global-color-4)","background-image":"","background-repeat":"repeat","background-position":"center center","background-size":"auto","background-attachment":"scroll","background-type":"","background-media":"","overlay-type":"","overlay-color":"","overlay-opacity":"","overlay-gradient":""},"tablet":{"background-color":"","background-image":"","background-repeat":"repeat","background-position":"center center","background-size":"auto","background-attachment":"scroll","background-type":"","background-media":"","overlay-type":"","overlay-color":"","overlay-opacity":"","overlay-gradient":""},"mobile":{"background-color":"","background-image":"","background-repeat":"repeat","background-position":"center center","background-size":"auto","background-attachment":"scroll","background-type":"","background-media":"","overlay-type":"","overlay-color":"","overlay-opacity":"","overlay-gradient":""}},"ast-content-background-meta":{"desktop":{"background-color":"var(--ast-global-color-5)","background-image":"","background-repeat":"repeat","background-position":"center center","background-size":"auto","background-attachment":"scroll","background-type":"","background-media":"","overlay-type":"","overlay-color":"","overlay-opacity":"","overlay-gradient":""},"tablet":{"background-color":"var(--ast-global-color-5)","background-image":"","background-repeat":"repeat","background-position":"center center","background-size":"auto","background-attachment":"scroll","background-type":"","background-media":"","overlay-type":"","overlay-color":"","overlay-opacity":"","overlay-gradient":""},"mobile":{"background-color":"var(--ast-global-color-5)","background-image":"","background-repeat":"repeat","background-position":"center center","background-size":"auto","background-attachment":"scroll","background-type":"","background-media":"","overlay-type":"","overlay-color":"","overlay-opacity":"","overlay-gradient":""}},"footnotes":""},"class_list":["post-30043","page","type-page","status-publish","hentry"],"_links":{"self":[{"href":"https:\/\/dev.amarehotels.com\/fr\/wp-json\/wp\/v2\/pages\/30043","targetHints":{"allow":["GET"]}}],"collection":[{"href":"https:\/\/dev.amarehotels.com\/fr\/wp-json\/wp\/v2\/pages"}],"about":[{"href":"https:\/\/dev.amarehotels.com\/fr\/wp-json\/wp\/v2\/types\/page"}],"author":[{"embeddable":true,"href":"https:\/\/dev.amarehotels.com\/fr\/wp-json\/wp\/v2\/users\/2"}],"replies":[{"embeddable":true,"href":"https:\/\/dev.amarehotels.com\/fr\/wp-json\/wp\/v2\/comments?post=30043"}],"version-history":[{"count":0,"href":"https:\/\/dev.amarehotels.com\/fr\/wp-json\/wp\/v2\/pages\/30043\/revisions"}],"wp:attachment":[{"href":"https:\/\/dev.amarehotels.com\/fr\/wp-json\/wp\/v2\/media?parent=30043"}],"curies":[{"name":"wp","href":"https:\/\/api.w.org\/{rel}","templated":true}]}}